{"id":159,"date":"2026-03-03T21:07:47","date_gmt":"2026-03-03T20:07:47","guid":{"rendered":"http:\/\/kruczek.zoot.pl\/?page_id=159"},"modified":"2026-03-04T20:23:35","modified_gmt":"2026-03-04T19:23:35","slug":"mouse-position","status":"publish","type":"page","link":"http:\/\/kruczek.zoot.pl\/index.php\/mouse-position\/","title":{"rendered":"Mouse Position"},"content":{"rendered":"\n<div class=\"wp-block-group tworzenie-aplikacji-baner has-x-large-font-size is-vertical is-content-justification-center is-layout-flex wp-container-core-group-is-layout-73c8d59b wp-block-group-is-layout-flex has-background\" style=\"border-style:none;border-width:0px;border-top-left-radius:0px;border-top-right-radius:0px;border-bottom-left-radius:0px;border-bottom-right-radius:0px;min-height:0%;margin-top:0;margin-bottom:var(--wp--preset--spacing--60);padding-top:var(--wp--preset--spacing--80);padding-right:var(--wp--preset--spacing--80);padding-bottom:var(--wp--preset--spacing--80);padding-left:var(--wp--preset--spacing--80);background-image:url(&apos;http:\/\/kruczek.zoot.pl\/wp-content\/uploads\/2026\/03\/roketpik-code-5113374_1920.jpg&apos;);background-size:cover;\">\n<h2 class=\"wp-block-heading has-text-align-center tworzenie-aplikacji-naglowek-baner\" style=\"margin-top:var(--wp--preset--spacing--30);margin-bottom:var(--wp--preset--spacing--30);font-size:clamp(2.629rem, 2.629rem + ((1vw - 0.2rem) * 3.719), 5rem);\"><mark style=\"background-color:rgba(0, 0, 0, 0)\" class=\"has-inline-color has-base-color\"><strong>Mouse Position<\/strong><\/mark><\/h2>\n<\/div>\n\n\n\n<div class=\"wp-block-group is-vertical is-layout-flex wp-container-core-group-is-layout-c4200576 wp-block-group-is-layout-flex\" style=\"border-style:none;border-width:0px;margin-top:var(--wp--preset--spacing--30);margin-bottom:var(--wp--preset--spacing--30);padding-top:0;padding-right:var(--wp--preset--spacing--80);padding-bottom:0;padding-left:var(--wp--preset--spacing--80)\">\n<div class=\"wp-block-group is-content-justification-center is-layout-flex wp-container-core-group-is-layout-62c6d3bf wp-block-group-is-layout-flex\" style=\"border-width:0.5rem;border-top-left-radius:30px;border-top-right-radius:30px;border-bottom-left-radius:30px;border-bottom-right-radius:30px;margin-top:0;margin-bottom:0;padding-top:var(--wp--preset--spacing--60);padding-right:var(--wp--preset--spacing--50);padding-bottom:var(--wp--preset--spacing--60);padding-left:var(--wp--preset--spacing--50)\">\n<figure class=\"wp-block-image size-full has-custom-border poznaj-moje-projekty-obraz wp-container-content-a5fc19f1\" style=\"margin-top:0;margin-right:0;margin-bottom:0;margin-left:0\"><img fetchpriority=\"high\" decoding=\"async\" width=\"1920\" height=\"1080\" src=\"http:\/\/kruczek.zoot.pl\/wp-content\/uploads\/2026\/03\/MousePosition-Screen.png\" alt=\"\" class=\"wp-image-423\" style=\"border-style:none;border-width:0px\" srcset=\"http:\/\/kruczek.zoot.pl\/wp-content\/uploads\/2026\/03\/MousePosition-Screen.png 1920w, http:\/\/kruczek.zoot.pl\/wp-content\/uploads\/2026\/03\/MousePosition-Screen-300x169.png 300w, http:\/\/kruczek.zoot.pl\/wp-content\/uploads\/2026\/03\/MousePosition-Screen-1024x576.png 1024w, http:\/\/kruczek.zoot.pl\/wp-content\/uploads\/2026\/03\/MousePosition-Screen-768x432.png 768w, http:\/\/kruczek.zoot.pl\/wp-content\/uploads\/2026\/03\/MousePosition-Screen-1536x864.png 1536w, http:\/\/kruczek.zoot.pl\/wp-content\/uploads\/2026\/03\/MousePosition-Screen-1320x743.png 1320w, http:\/\/kruczek.zoot.pl\/wp-content\/uploads\/2026\/03\/MousePosition-Screen-600x338.png 600w\" sizes=\"(max-width: 1920px) 100vw, 1920px\" \/><\/figure>\n\n\n\n<div class=\"wp-block-group wp-container-content-a5fc19f1 is-vertical is-content-justification-center is-layout-flex wp-container-core-group-is-layout-91dd6507 wp-block-group-is-layout-flex\" style=\"padding-top:0;padding-right:0;padding-bottom:0;padding-left:0\">\n<figure class=\"wp-block-image size-full\" style=\"margin-top:0;margin-right:40%;margin-bottom:0;margin-left:40%\"><img decoding=\"async\" width=\"1000\" height=\"1000\" src=\"http:\/\/kruczek.zoot.pl\/wp-content\/uploads\/2026\/03\/Python.png\" alt=\"\" class=\"wp-image-74\" srcset=\"http:\/\/kruczek.zoot.pl\/wp-content\/uploads\/2026\/03\/Python.png 1000w, http:\/\/kruczek.zoot.pl\/wp-content\/uploads\/2026\/03\/Python-300x300.png 300w, http:\/\/kruczek.zoot.pl\/wp-content\/uploads\/2026\/03\/Python-150x150.png 150w, http:\/\/kruczek.zoot.pl\/wp-content\/uploads\/2026\/03\/Python-768x768.png 768w, http:\/\/kruczek.zoot.pl\/wp-content\/uploads\/2026\/03\/Python-600x600.png 600w, http:\/\/kruczek.zoot.pl\/wp-content\/uploads\/2026\/03\/Python-100x100.png 100w\" sizes=\"(max-width: 1000px) 100vw, 1000px\" \/><\/figure>\n\n\n\n<h2 class=\"wp-block-heading has-text-align-center\"><strong>Mouse Position<\/strong><\/h2>\n\n\n\n<p class=\"has-text-align-center\">Drugim projektem mojego autorstwa jest &#8222;Mouse Position&#8221; kt\u00f3rego celem jest zebranie informacji na temat aktualnego po\u0142o\u017cenia kursora myszy oraz zapisanie tych informacji do pliku .txt.<\/p>\n<\/div>\n<\/div>\n\n\n\n<div class=\"wp-block-group wp-container-content-47197e2f is-vertical is-content-justification-center is-layout-flex wp-container-core-group-is-layout-1f0b889b wp-block-group-is-layout-flex\" style=\"margin-top:var(--wp--preset--spacing--40);margin-bottom:var(--wp--preset--spacing--40);padding-top:0;padding-right:0\">\n<details class=\"wp-block-details is-layout-flow wp-block-details-is-layout-flow\"><summary><strong>Kod Python<\/strong><\/summary>\n<pre class=\"wp-block-preformatted blok-kodu has-border-color has-accent-3-border-color has-accent-2-color has-contrast-background-color has-text-color has-background has-link-color has-medium-font-size wp-elements-48dfd819a8f6e17f311945602b20e0e7\" style=\"border-width:0.5rem;border-top-left-radius:30px;border-top-right-radius:30px;border-bottom-left-radius:30px;border-bottom-right-radius:30px;margin-top:var(--wp--preset--spacing--40);margin-right:var(--wp--preset--spacing--40);margin-bottom:var(--wp--preset--spacing--40);margin-left:var(--wp--preset--spacing--40);padding-top:var(--wp--preset--spacing--40);padding-right:var(--wp--preset--spacing--40);padding-bottom:var(--wp--preset--spacing--40);padding-left:var(--wp--preset--spacing--40)\">import pyautogui<br>import keyboard<br>import os<br>import time<br>from datetime import datetime<br><br>loopVar = True<br><br>def printingMousePosition():<br>    date = datetime.now()<br>    mousePositionX, mousePositionY = pyautogui.position()<br>    write = str(date.day) + \".\" + str(date.month) + \".\" + str(date.year) + \" \" + str(date.hour) + \":\" + str(date.minute) + \":\" + str(date.second) + \" \" + \"X: \" +str(mousePositionX) + \" Y: \" + str(mousePositionX)<br>    <br>    print(f\"{write}\")<br>    <br>    with open(\"Output.txt\", \"a\") as output:<br>        output.write(write + \"\\n\")<br><br>def findingMousePosition():<br>    print(f\"Finding mouse positoin\")<br><br>while loopVar == True:<br><br>    print(f\"1-Save mouse position\\n2-Show mouse position\")<br>    modeChoice = int(input(\"Enter action: \"))<br>    <br>    if modeChoice == 1:<br>    <br>        while loopVar == True:<br>            printingMousePosition()<br>            if keyboard.is_pressed(\"escape\"):<br>                loopVar = False<br>    <br>    elif modeChoice == 2:<br>    <br>        while loopVar == True:<br>            findingMousePosition()<br>            if keyboard.is_pressed(\"escape\"):<br>                loopVar = False<br>    <br>    else:<br>    <br>        print(f\"Incorrect\")<br>        loopVar = False<\/pre>\n<\/details>\n<\/div>\n<\/div>\n","protected":false},"excerpt":{"rendered":"<p>Mouse Position Mouse Position Drugim projektem mojego autorstwa jest &#8222;Mouse Position&#8221; kt\u00f3rego celem jest zebranie informacji na temat aktualnego po\u0142o\u017cenia kursora myszy oraz zapisanie tych informacji do pliku .txt.<\/p>\n","protected":false},"author":1,"featured_media":0,"parent":0,"menu_order":0,"comment_status":"closed","ping_status":"closed","template":"","meta":{"footnotes":""},"class_list":["post-159","page","type-page","status-publish","hentry"],"jetpack_sharing_enabled":true,"_links":{"self":[{"href":"http:\/\/kruczek.zoot.pl\/index.php\/wp-json\/wp\/v2\/pages\/159","targetHints":{"allow":["GET"]}}],"collection":[{"href":"http:\/\/kruczek.zoot.pl\/index.php\/wp-json\/wp\/v2\/pages"}],"about":[{"href":"http:\/\/kruczek.zoot.pl\/index.php\/wp-json\/wp\/v2\/types\/page"}],"author":[{"embeddable":true,"href":"http:\/\/kruczek.zoot.pl\/index.php\/wp-json\/wp\/v2\/users\/1"}],"replies":[{"embeddable":true,"href":"http:\/\/kruczek.zoot.pl\/index.php\/wp-json\/wp\/v2\/comments?post=159"}],"version-history":[{"count":12,"href":"http:\/\/kruczek.zoot.pl\/index.php\/wp-json\/wp\/v2\/pages\/159\/revisions"}],"predecessor-version":[{"id":515,"href":"http:\/\/kruczek.zoot.pl\/index.php\/wp-json\/wp\/v2\/pages\/159\/revisions\/515"}],"wp:attachment":[{"href":"http:\/\/kruczek.zoot.pl\/index.php\/wp-json\/wp\/v2\/media?parent=159"}],"curies":[{"name":"wp","href":"https:\/\/api.w.org\/{rel}","templated":true}]}}